{"id":545,"date":"2012-12-17T08:22:58","date_gmt":"2012-12-17T08:22:58","guid":{"rendered":"http:\/\/fdl-berger.de\/cms\/?page_id=545"},"modified":"2020-03-05T19:18:06","modified_gmt":"2020-03-05T19:18:06","slug":"philosophie","status":"publish","type":"page","link":"https:\/\/fdl-berger.de\/cms\/?page_id=545","title":{"rendered":"Philosophie"},"content":{"rendered":"<h1>Philosophie<\/h1>\n<h3>Ruhestands-Planung &amp; Vorsorge-Beratung<\/h3>\n<p>Je sp\u00e4ter Sie mit Ihrer Altersvorsorge anfangen, desto teurer wird&#8217;s. Daher informieren Sie sich gleich \u00fcber die M\u00f6glichkeiten der Vorsroge und die staatlichen F\u00f6rderungen (z.B. Steuerersparnisse). Gemeinsam schaffen wir die Basis f\u00fcr eine finanziell abgesicherte Zukunft.<\/p>\n<h3>Versicherungs-Beratung<\/h3>\n<p>Von A, wie Autoversicherung, \u00fcber K wie Krankenversicherung bis Z wie Zahnzusatzversicherung. Als Partner eines Vollsortimenters kann ich Ihnen zu fast allen Bereichen die passende L\u00f6sung anbieten.<\/p>\n<h3>Intelligente Kinderabsicherung<\/h3>\n<p>Ob finanzielle Sicherheit f\u00fcr die Zukunft, Unfallabsicherung oder Schutz vor hohen Kosten beim Zahnarzt und Kieferorthop\u00e4den. Ich biete Ihnen zu fast allen Belangen rund um die Kindervorsorge gerne die optimale L\u00f6sung.<\/p>\n<h3>Wir wollen unsere Arbeit erfolgreich tun, f\u00fcr uns, unsere Kunden und Partner.<\/h3>\n<ul>\n<li>Wir sind eine leistungsf\u00e4hige und dynamische Dienstleistungsagentur<\/li>\n<li>Wir betrachten unsere Arbeit als wichtigen Teil unseres Lebens, den wir annehmen und positiv gestalten wollen<\/li>\n<li>Wir wissen, dass wir auch f\u00fcr unsere gesicherte pers\u00f6nliche Lebensplanung als festes Fundament unsere berufliche T\u00e4tigkeit brauchen<\/li>\n<\/ul>\n<h3>Um unsere Ziele dauerhaft zu erreichen, beachten wir folgende Grunds\u00e4tze:<\/h3>\n<ul>\n<li>Wir sind Dienstleister<\/li>\n<li>Fundament unseres Erfolges sind unsere Kunden<\/li>\n<li>Wir sind bereit, gute Arbeit zu leisten und gute Produkte zu liefern<\/li>\n<li>Wir sind faire und zuverl\u00e4ssige Partner<\/li>\n<li>Wir sind K\u00f6nner, die immer noch besser werden wollen<\/li>\n<li>Wir wollen wirtschaftlich erfolgreich sein<\/li>\n<li>Wir sind positive Menschen<\/li>\n<\/ul>\n<p>Schicken Sie uns eine E-Mail mit Ihren W\u00fcnschen oder rufen Sie uns an.<\/p>\n<div class=\"wp-block-button\"><a class=\"wp-block-button__link\" href=\"https:\/\/fdl-berger.de\/cms\/?page_id=57\">Jetzt Kontakt aufnehmen<\/a><\/div>\n<p>&nbsp;<\/p>\n","protected":false},"excerpt":{"rendered":"<p>Philosophie Ruhestands-Planung &amp; Vorsorge-Beratung Je sp\u00e4ter Sie mit Ihrer Altersvorsorge anfangen, desto teurer wird&#8217;s. Daher informieren Sie sich gleich \u00fcber die M\u00f6glichkeiten der Vorsroge und die staatlichen F\u00f6rderungen (z.B. Steuerersparnisse). Gemeinsam schaffen wir die Basis f\u00fcr eine finanziell abgesicherte Zukunft. Versicherungs-Beratung Von A, wie Autoversicherung, \u00fcber K wie Krankenversicherung bis Z wie Zahnzusatzversicherung. Als Partner [&hellip;]<\/p>\n","protected":false},"author":1,"featured_media":0,"parent":0,"menu_order":0,"comment_status":"closed","ping_status":"open","template":"","meta":{"ngg_post_thumbnail":0},"_links":{"self":[{"href":"https:\/\/fdl-berger.de\/cms\/index.php?rest_route=\/wp\/v2\/pages\/545"}],"collection":[{"href":"https:\/\/fdl-berger.de\/cms\/index.php?rest_route=\/wp\/v2\/pages"}],"about":[{"href":"https:\/\/fdl-berger.de\/cms\/index.php?rest_route=\/wp\/v2\/types\/page"}],"author":[{"embeddable":true,"href":"https:\/\/fdl-berger.de\/cms\/index.php?rest_route=\/wp\/v2\/users\/1"}],"replies":[{"embeddable":true,"href":"https:\/\/fdl-berger.de\/cms\/index.php?rest_route=%2Fwp%2Fv2%2Fcomments&post=545"}],"version-history":[{"count":17,"href":"https:\/\/fdl-berger.de\/cms\/index.php?rest_route=\/wp\/v2\/pages\/545\/revisions"}],"predecessor-version":[{"id":1600,"href":"https:\/\/fdl-berger.de\/cms\/index.php?rest_route=\/wp\/v2\/pages\/545\/revisions\/1600"}],"wp:attachment":[{"href":"https:\/\/fdl-berger.de\/cms\/index.php?rest_route=%2Fwp%2Fv2%2Fmedia&parent=545"}],"curies":[{"name":"wp","href":"https:\/\/api.w.org\/{rel}","templated":true}]}}