{"id":333,"date":"2011-04-07T12:43:05","date_gmt":"2011-04-07T12:43:05","guid":{"rendered":"http:\/\/fdl-berger.de\/cms?page_id=333"},"modified":"2021-03-30T10:01:38","modified_gmt":"2021-03-30T10:01:38","slug":"support","status":"publish","type":"page","link":"https:\/\/fdl-berger.de\/cms\/?page_id=333","title":{"rendered":"Versicherungen"},"content":{"rendered":"<h1>Versicherungen<\/h1>\n<p>&#8222;Brauchen Sie alle Versicherungen, die Sie haben und haben Sie die Absicherung, die Sie wirklich ben\u00f6tigen?&#8220;<\/p>\n<p>Seien Sie mal ganz ehrlich zu sich selbst. Wann haben Sie das letzte Mal Ihre Versicherungsvertr\u00e4ge auf Herz und Nieren durchchecken lassen? Den meisten Verbrauchern geht es so in Deutschland. Einmal abgeschlossene Versicherungsvertr\u00e4ge werden in der Regel selten wieder angefasst und aktualisiert.<\/p>\n<ul>\n<li>Sie haben eine hohe Beitragsanpassung in Ihrer Krankenversicherung erhalten?<br \/>\n<strong>Wir bieten Ihnen Alternativen.<\/strong><\/li>\n<li>Haben Sie hochverzinste Lebensversicherungen aus der Vergangenheit?<br \/>\n<strong>Wir pr\u00fcfen die Qualit\u00e4t.<\/strong><\/li>\n<li>Zahlen Sie jedes Jahr f\u00fcr eine Cyberversicherung ohne tats\u00e4chlich Gesch\u00e4fte im Internet zu machen?<br \/>\n<strong>Wir \u00fcberpr\u00fcfen die Notwendigkeit.<\/strong><\/li>\n<li>Hat Ihre Haftpflichtversicherung die n\u00f6tigen Leistungen, um Sie im Fall der F\u00e4lle zu sch\u00fctzen?<br \/>\n<strong>Wir pr\u00fcfen Ihren Bedarf.<\/strong><\/li>\n<\/ul>\n<p>&nbsp;<\/p>\n<p style=\"text-align: center;\"><img decoding=\"async\" loading=\"lazy\" class=\"alignnone wp-image-1641 size-full\" src=\"https:\/\/fdl-berger.de\/cms\/wp-content\/uploads\/2021\/03\/Thomas_Berger_Team-Foto_900x472.jpg\" alt=\"Foto: Thomas Berger und Tochter Janina Berger\" width=\"900\" height=\"472\" srcset=\"https:\/\/fdl-berger.de\/cms\/wp-content\/uploads\/2021\/03\/Thomas_Berger_Team-Foto_900x472.jpg 900w, https:\/\/fdl-berger.de\/cms\/wp-content\/uploads\/2021\/03\/Thomas_Berger_Team-Foto_900x472-300x157.jpg 300w, https:\/\/fdl-berger.de\/cms\/wp-content\/uploads\/2021\/03\/Thomas_Berger_Team-Foto_900x472-768x403.jpg 768w\" sizes=\"(max-width: 900px) 100vw, 900px\" \/>Thomas Berger mit Tochter Janina Berger<\/p>\n<p>Haben Sie L\u00fccken in Ihrem Versicherungsschutz oder existenzielle Risiken sind nicht abgesichert, so ist ein zuverl\u00e4ssiger Partner wichtiger denn je. Deshalb arbeiten wir mit den <a href=\"https:\/\/www.universa.de\/agentur\/thomas-berger\/\" target=\"_blank\" rel=\"noopener noreferrer\">uniVersa Versicherungen<\/a> eng zusammen. Weitere Kooperationspartner sind die W\u00fcstenrot Bausparkasse, die ARAG und die DEURAG Versicherung sowie im Bereich der gesetzlichen Krankenkassen die HEK \u2013 Hanseatische Krankenkasse.<\/p>\n<p><strong>Folgende Versicherungen decken wir ab:<\/strong><\/p>\n<ul>\n<li>Kapital- und Risiko-Lebensversicherung<\/li>\n<li>Fondsgebundene Rentenversicherung<\/li>\n<li>R\u00fcrup &amp; klassische Rentenversicherung<\/li>\n<li>Berufsunf\u00e4higkeitsversicherung<\/li>\n<li>Private Krankenversicherung<\/li>\n<li>Private Krankenzusatzversicherung<\/li>\n<li>Spezielle Krankenversicherung f\u00fcr Beihilfeberechtigte oder \u00c4rzte<\/li>\n<li>Haftpflichtversicherung f\u00fcr Privat und Gewerbe<\/li>\n<li>Kfz-Versicherung<\/li>\n<li>Wohngeb\u00e4ude-, Hausrat- und Glasversicherung<\/li>\n<li>Private Unfallversicherung<\/li>\n<li>Rechtsschutzversicherung<\/li>\n<\/ul>\n<p>F\u00fcr die finanzielle Vorsorge und die Absicherung gegen unvorhergesehene Risiken bei Kindern bieten wir au\u00dferdem ein umfassendes Kindervorsorgekonzept an.<\/p>\n<p><strong>Weiterhin k\u00f6nnen wir Ihr Portfolio in folgenden Bereichen optimieren:<\/strong><\/p>\n<ul>\n<li>Bausparen &amp; Baufinanzierung<\/li>\n<li>Investmentsparen<\/li>\n<li>Geldanlagen<\/li>\n<li>Steuerbeg\u00fcnstigte Kapitalanlage<\/li>\n<\/ul>\n<p>Schicken Sie uns eine E-Mail mit Ihren W\u00fcnschen oder rufen Sie uns an.<\/p>\n<div class=\"wp-block-button\"><a class=\"wp-block-button__link\" href=\"https:\/\/fdl-berger.de\/cms\/?page_id=57\">Jetzt Kontakt aufnehmen<\/a><\/div>\n<p>&nbsp;<\/p>\n","protected":false},"excerpt":{"rendered":"<p>Versicherungen &#8222;Brauchen Sie alle Versicherungen, die Sie haben und haben Sie die Absicherung, die Sie wirklich ben\u00f6tigen?&#8220; Seien Sie mal ganz ehrlich zu sich selbst. Wann haben Sie das letzte Mal Ihre Versicherungsvertr\u00e4ge auf Herz und Nieren durchchecken lassen? Den meisten Verbrauchern geht es so in Deutschland. Einmal abgeschlossene Versicherungsvertr\u00e4ge werden in der Regel selten [&hellip;]<\/p>\n","protected":false},"author":1,"featured_media":0,"parent":0,"menu_order":0,"comment_status":"closed","ping_status":"open","template":"","meta":{"ngg_post_thumbnail":0},"_links":{"self":[{"href":"https:\/\/fdl-berger.de\/cms\/index.php?rest_route=\/wp\/v2\/pages\/333"}],"collection":[{"href":"https:\/\/fdl-berger.de\/cms\/index.php?rest_route=\/wp\/v2\/pages"}],"about":[{"href":"https:\/\/fdl-berger.de\/cms\/index.php?rest_route=\/wp\/v2\/types\/page"}],"author":[{"embeddable":true,"href":"https:\/\/fdl-berger.de\/cms\/index.php?rest_route=\/wp\/v2\/users\/1"}],"replies":[{"embeddable":true,"href":"https:\/\/fdl-berger.de\/cms\/index.php?rest_route=%2Fwp%2Fv2%2Fcomments&post=333"}],"version-history":[{"count":61,"href":"https:\/\/fdl-berger.de\/cms\/index.php?rest_route=\/wp\/v2\/pages\/333\/revisions"}],"predecessor-version":[{"id":1643,"href":"https:\/\/fdl-berger.de\/cms\/index.php?rest_route=\/wp\/v2\/pages\/333\/revisions\/1643"}],"wp:attachment":[{"href":"https:\/\/fdl-berger.de\/cms\/index.php?rest_route=%2Fwp%2Fv2%2Fmedia&parent=333"}],"curies":[{"name":"wp","href":"https:\/\/api.w.org\/{rel}","templated":true}]}}