{"id":331,"date":"2011-04-07T12:42:53","date_gmt":"2011-04-07T12:42:53","guid":{"rendered":"http:\/\/fdl-berger.de\/cms?page_id=331"},"modified":"2020-03-05T19:05:35","modified_gmt":"2020-03-05T19:05:35","slug":"solutions","status":"publish","type":"page","link":"https:\/\/fdl-berger.de\/cms\/?page_id=331","title":{"rendered":"Steuern sparen"},"content":{"rendered":"<h1>Steuern sparen<\/h1>\n<p>In der Bundesrepublik Deutschland gehen j\u00e4hrlich tausende Arbeitnehmer auf die Stra\u00dfe, um f\u00fcr mehr<br \/>\nGehalt zu k\u00e4mpfen. Gegen Ende der Streiks und Verhandlungen stehen in der Regel lediglich weniger<br \/>\nals 3 Prozent Erh\u00f6hung auf dem Blatt.<\/p>\n<p>Das b\u00f6se Erwachen folgt bei der n\u00e4chsten Gehaltsabrechnung:<\/p>\n<ul>\n<li>Mehr Steuern<\/li>\n<li>Mehr Sozialversicherungsbeitr\u00e4ge<\/li>\n<li>Unwesentlich mehr Netto<\/li>\n<\/ul>\n<p>Am Ende des Tages kommt wenig bei Ihnen an. Selbst wenn Ihr Arbeitgeber Sie aufgrund guter Leistungen oder l\u00e4ngerer Arbeitszeit mit mehr Bruttogehalt entlohnt. Sie werden kaum eine Verbesserung Ihrer Einkommenssituation sp\u00fcren.<\/p>\n<p>Und diese Steuerlast wird auch durch die verschiedensten Steuerreformen nicht gelockert, sondern nur \u201everbogen\u201c.<\/p>\n<p style=\"text-align: center;\"><img decoding=\"async\" loading=\"lazy\" src=\"https:\/\/fdl-berger.de\/cms\/wp-content\/uploads\/2013\/02\/iStock_000008382619_ExtraSmall.jpg\" alt=\"\" width=\"425\" height=\"282\"><\/p>\n<p>&nbsp;<\/p>\n<h3>Machen Sie jetzt mehr Netto aus Ihrem Brutto.<\/h3>\n<p>Gerade im Bereich der pers\u00f6nlichen Vorsorge und Absicherung k\u00f6nnen sicher auch Sie noch viel Geld sparen. Mit Hilfe unserer Erfahrung zeigen wir Ihnen, wie. Unsere Angebote richten sich jeweils nach der pers\u00f6nlichen Situation jedes einzelnen unserer Kunden.<\/p>\n<h3>Es geht nicht um eine L\u00f6sung. Es geht um Ihren ma\u00dfgeschneiderten Weg zu mehr finanziellem Spielraum.<\/h3>\n<p>Voraussetzung ist, es k\u00fcmmern sich erfahrenen Spezialisten um Ihre pers\u00f6nliche Situation. Denn nur echte Profis kennen viele M\u00f6glichkeiten, mit denen Sie Top-Produkte zu g\u00fcnstigen Konditionen erhalten, Steuervorteile, \u00f6ffentliche Zusch\u00fcsse und F\u00f6rderprogramme nutzen und sich anschlie\u00dfend Tr\u00e4ume erf\u00fcllen k\u00f6nnen.<\/p>\n<p>Wir bieten Ihnen:<\/p>\n<ul>\n<li>Individuelle Beratung<\/li>\n<li>Gezielte Planung mittels digitaler Finanzanalyse<\/li>\n<li>Tipps zur alternativen Lohngestaltung<\/li>\n<li>Schaffung von Verm\u00f6genswerten durch Steuerverg\u00fcnstigungen und Subventionen<\/li>\n<\/ul>\n<p>Schicken Sie uns eine E-Mail mit Ihren W\u00fcnschen oder rufen Sie uns an.<\/p>\n<div class=\"wp-block-button\"><a class=\"wp-block-button__link\" href=\"https:\/\/fdl-berger.de\/cms\/?page_id=57\">Jetzt Kontakt aufnehmen<\/a><\/div>\n<p>&nbsp;<\/p>\n","protected":false},"excerpt":{"rendered":"<p>Steuern sparen In der Bundesrepublik Deutschland gehen j\u00e4hrlich tausende Arbeitnehmer auf die Stra\u00dfe, um f\u00fcr mehr Gehalt zu k\u00e4mpfen. Gegen Ende der Streiks und Verhandlungen stehen in der Regel lediglich weniger als 3 Prozent Erh\u00f6hung auf dem Blatt. Das b\u00f6se Erwachen folgt bei der n\u00e4chsten Gehaltsabrechnung: Mehr Steuern Mehr Sozialversicherungsbeitr\u00e4ge Unwesentlich mehr Netto Am Ende [&hellip;]<\/p>\n","protected":false},"author":1,"featured_media":0,"parent":0,"menu_order":0,"comment_status":"closed","ping_status":"open","template":"","meta":{"ngg_post_thumbnail":0},"_links":{"self":[{"href":"https:\/\/fdl-berger.de\/cms\/index.php?rest_route=\/wp\/v2\/pages\/331"}],"collection":[{"href":"https:\/\/fdl-berger.de\/cms\/index.php?rest_route=\/wp\/v2\/pages"}],"about":[{"href":"https:\/\/fdl-berger.de\/cms\/index.php?rest_route=\/wp\/v2\/types\/page"}],"author":[{"embeddable":true,"href":"https:\/\/fdl-berger.de\/cms\/index.php?rest_route=\/wp\/v2\/users\/1"}],"replies":[{"embeddable":true,"href":"https:\/\/fdl-berger.de\/cms\/index.php?rest_route=%2Fwp%2Fv2%2Fcomments&post=331"}],"version-history":[{"count":35,"href":"https:\/\/fdl-berger.de\/cms\/index.php?rest_route=\/wp\/v2\/pages\/331\/revisions"}],"predecessor-version":[{"id":1596,"href":"https:\/\/fdl-berger.de\/cms\/index.php?rest_route=\/wp\/v2\/pages\/331\/revisions\/1596"}],"wp:attachment":[{"href":"https:\/\/fdl-berger.de\/cms\/index.php?rest_route=%2Fwp%2Fv2%2Fmedia&parent=331"}],"curies":[{"name":"wp","href":"https:\/\/api.w.org\/{rel}","templated":true}]}}