{"id":2,"date":"2011-01-26T15:06:23","date_gmt":"2011-01-26T15:06:23","guid":{"rendered":"http:\/\/fdl-berger.de\/cms?page_id=2"},"modified":"2024-07-31T16:29:05","modified_gmt":"2024-07-31T14:29:05","slug":"about","status":"publish","type":"page","link":"https:\/\/fdl-berger.de\/cms\/","title":{"rendered":"Start"},"content":{"rendered":"<h1 style=\"text-align: center;\">Thomas Berger &#8211; seit \u00fcber 35 Jahren unabh\u00e4ngige Finanzberatung in Darmstadt<\/h1>\n<p style=\"text-align: center;\">Die Zufriedenheit unserer Kunden steht bei uns an erster Stelle! <br>Wir pflegen nun schon mehr als 35 Jahre langj\u00e4hrige Kundenbeziehungen.<br>Mit Tochter Janina Berger seit mehr als 13 Jahren bereits in der zweiten Generation!<\/p>\n<p style=\"text-align: center;\"><a href=\"https:\/\/fdl-berger.website-im-aufbau.de\/wp-content\/uploads\/2016\/08\/TB1.jpg\"><img decoding=\"async\" loading=\"lazy\" class=\"alignnone size-full wp-image-1360\" src=\"https:\/\/fdl-berger.website-im-aufbau.de\/wp-content\/uploads\/2016\/08\/TB1.jpg\" alt=\"Thomas Berger - Finanzdienstleistungen Darmstadt\" width=\"900\" height=\"420\" srcset=\"https:\/\/fdl-berger.de\/cms\/wp-content\/uploads\/2016\/08\/TB1.jpg 900w, https:\/\/fdl-berger.de\/cms\/wp-content\/uploads\/2016\/08\/TB1-300x140.jpg 300w, https:\/\/fdl-berger.de\/cms\/wp-content\/uploads\/2016\/08\/TB1-640x298.jpg 640w, https:\/\/fdl-berger.de\/cms\/wp-content\/uploads\/2016\/08\/TB1-440x205.jpg 440w, https:\/\/fdl-berger.de\/cms\/wp-content\/uploads\/2016\/08\/TB1-380x177.jpg 380w\" sizes=\"(max-width: 900px) 100vw, 900px\" \/><\/a><\/p>\n\n\n<div class=\"is-layout-flex wp-container-3 wp-block-columns\">\n<div class=\"is-layout-flow wp-block-column\" style=\"flex-basis:66.66%\">\n<h2>Individuelle Beratung mit h\u00f6chster Qualit\u00e4t<\/h2>\n\n\n\n<p>Mehr als 3.000 zufriedene Kunden schenken uns seit \u00fcber 30 Jahren ihr Vertrauen. Wir freuen uns auch Ihre finanziellen Chancen in einem kostenfreien und unverbindlichen Erstgespr\u00e4ch zu \u00fcberpr\u00fcfen.<\/p>\n\n\n\n<p>Schicken Sie uns eine E-Mail mit Ihren W\u00fcnschen oder rufen Sie uns an.<\/p>\n\n\n\n<div class=\"wp-block-button\"><a class=\"wp-block-button__link\" href=\"https:\/\/fdl-berger.de\/cms\/?page_id=57\">Jetzt Kontakt aufnehmen<\/a><\/div>\n<p>&nbsp;<\/p>\n\n\n\n<p>&nbsp;<\/p>\n<h2>\u00dcber uns<\/h2>\n\r\n    <div>        \r\n    <video id=\"plyr69e1c06a50b38\" data-poster=\"https:\/\/fdl-berger.de\/cms\/wp-content\/uploads\/2023\/05\/vlcsnap-2023-05-24-08h46m34s427.png\" controls>\r\n       <source src=\"https:\/\/fdl-berger.de\/cms\/wp-content\/uploads\/2023\/05\/Thomas-Berger-Finanzdienstleistungen-2.mp4\" type=\"video\/mp4\" \/>\r\n    <\/video>\r\n    <\/div>    <script>\r\n        const evplayerplyr69e1c06a50b38 = new Plyr(document.getElementById('plyr69e1c06a50b38'));\r\n        evplayerplyr69e1c06a50b38.ratio = '16:9';\r\n        evplayerplyr69e1c06a50b38.iconUrl = 'https:\/\/fdl-berger.de\/cms\/wp-content\/plugins\/easy-video-player\/lib\/plyr.svg';\r\n        evplayerplyr69e1c06a50b38.blankVideo = 'https:\/\/fdl-berger.de\/cms\/wp-content\/plugins\/easy-video-player\/lib\/blank.mp4';  \r\n    <\/script>\n<\/div>\n\n\n\n<div class=\"is-layout-flow wp-block-column\" style=\"flex-basis:33.33%\">\n<figure class=\"wp-block-image size-full\"><a href=\"https:\/\/fdl-berger.de\/cms\/wp-content\/uploads\/2024\/04\/siegel_2023_medium_150dpi_thomas.png\"><img decoding=\"async\" loading=\"lazy\" width=\"626\" height=\"204\" src=\"https:\/\/fdl-berger.de\/cms\/wp-content\/uploads\/2024\/04\/siegel_2023_medium_150dpi_thomas.png\" alt=\"Siegel 2023: Thomas Berger ausgezeichnet f\u00fcr engagierte Weiterbildung\" class=\"wp-image-1778\" srcset=\"https:\/\/fdl-berger.de\/cms\/wp-content\/uploads\/2024\/04\/siegel_2023_medium_150dpi_thomas.png 626w, https:\/\/fdl-berger.de\/cms\/wp-content\/uploads\/2024\/04\/siegel_2023_medium_150dpi_thomas-300x98.png 300w\" sizes=\"(max-width: 626px) 100vw, 626px\" \/><\/a><\/figure>\n\n\n\n<figure class=\"wp-block-image size-full\"><a href=\"https:\/\/fdl-berger.de\/cms\/wp-content\/uploads\/2024\/04\/siegel_2023_medium_150dpi_janina.png\"><img decoding=\"async\" loading=\"lazy\" width=\"626\" height=\"204\" src=\"https:\/\/fdl-berger.de\/cms\/wp-content\/uploads\/2024\/04\/siegel_2023_medium_150dpi_janina.png\" alt=\"Siegel 2023: Janina Berger ausgezeichnet f\u00fcr engagierte Weiterbildung\" class=\"wp-image-1777\" srcset=\"https:\/\/fdl-berger.de\/cms\/wp-content\/uploads\/2024\/04\/siegel_2023_medium_150dpi_janina.png 626w, https:\/\/fdl-berger.de\/cms\/wp-content\/uploads\/2024\/04\/siegel_2023_medium_150dpi_janina-300x98.png 300w\" sizes=\"(max-width: 626px) 100vw, 626px\" \/><\/a><\/figure>\n\n\n\n<hr>\n\n\n\n<!-- werkenntdenBESTEN.de HTML Widget --><div id=\"wkdb-widget\"><\/div><script type=\"text\/javascript\" src=\"https:\/\/www.wkdb-siegel.de\/v1\/widget-*be5mkU5t9jYvTKc33KGgkn9dP1_2dXeE8edfG3fguwE4JnxjbPkhqq44d7WXu4kZmUBXxWKhlLIjXSWhr-fGAiFppJzsERdBoABpUs9HzcxKaIXYxclX8UndiX9yvAx8zEopdSKNPFeNoTVMQ_mOjsdPW3KQQq4xlrUFpDi5A3lIgbATIQOHGQ.js\" async=\"\"><\/script>\n<p>&nbsp;<\/p>\n<\/div>\n<\/div>\n\n\n\n<div class=\"is-layout-flex wp-container-7 wp-block-columns has-3-columns\">\n<div class=\"is-layout-flow wp-block-column\">\n<h2>Private Geldanlage<\/h2>\n\n\n\n<p>Im Bereich der privaten Geldanlage und der pers\u00f6nlichen Altersvorsorge strotzt der Markt nur so vor perfekten L\u00f6sungen, welche mit wenig Aufwand einen stetigen Verm\u00f6gensaufbau garantieren. Passive Indexfonds (ETFs) als Beispiel sind derzeit in aller Munde.<\/p>\n\n\n\n<p>Mit unserer Erfahrung seit \u00fcber 20 Jahren wissen wir, dass es nicht die eine L\u00f6sung f\u00fcr jedermann gibt. Ihre Finanzen, Ihre Sicherheit und Ihre Zukunft sind individuelle Bed\u00fcrfnisse. Warum sollten Sie also eine L\u00f6sung von der Stange nehmen?<\/p>\n<\/div>\n\n\n\n<div class=\"is-layout-flow wp-block-column\">\n<h2>Steuern sparen<\/h2>\n\n\n\n<p>Sie arbeiten in einer verantwortungsvollen Position sicher mehr als 40 Stunden die Woche und verdienen gut. Doch was Netto bleibt, wird immer weniger. Arbeiten Sie mehr \u2013 zahlen Sie auch h\u00f6here Steuern.<\/p>\n\n\n\n<p>Verfolgen Sie auch die immer neuen Steuerreformen und \u00e4rgern sich, dass sich nichts \u00e4ndert? Wir zeigen Ihnen in einer pers\u00f6nlichen Beratung und mithilfe einer Computer-Finanzanalyse wie Sie Steuern sparen k\u00f6nnen und \u201emehr\u201c aus Ihrem Netto machen.<\/p>\n<\/div>\n\n\n\n<div class=\"is-layout-flow wp-block-column\">\n<h2>Versicherungen<\/h2>\n\n\n\n<p>Brauchen Sie alle Versicherungen, die Sie haben und haben Sie die Absicherung, die Sie wirklich<br>ben\u00f6tigen? Ein Vertrag ist heutzutage schnell geschlossen. Doch nicht alle Versicherungsvertr\u00e4ge<br>sind sinnvoll und viele nicht mehr zeitgem\u00e4\u00df.<\/p>\n\n\n\n<p>Von der Autoversicherung, \u00fcber die Krankenversicherung bis hin zur Zahnzusatzversicherung. Als Partner eines Vollsortimenters k\u00f6nnen wir Ihnen zu fast allen Bereichen die passende L\u00f6sung anbieten.<\/p>\n<\/div>\n<\/div>\n\n\n\n<div class=\"is-layout-flex wp-container-11 wp-block-columns has-3-columns\">\n<div class=\"is-layout-flow wp-block-column\">\n<div class=\"wp-block-button\"><a class=\"wp-block-button__link\" href=\"https:\/\/fdl-berger.de\/cms\/?page_id=254\">Jetzt Geld sinnvoll anlegen<\/a><\/div>\n<\/div>\n\n\n\n<div class=\"is-layout-flow wp-block-column\">\n<div class=\"wp-block-button\"><a class=\"wp-block-button__link\" href=\"https:\/\/fdl-berger.de\/cms\/?page_id=331\">Jetzt Steuern sparen<\/a><\/div>\n<\/div>\n\n\n\n<div class=\"is-layout-flow wp-block-column\">\n<div class=\"wp-block-button\"><a class=\"wp-block-button__link\" href=\"https:\/\/fdl-berger.de\/cms\/?page_id=333\">Jetzt Versicherungen pr\u00fcfen<\/a><\/div>\n<\/div>\n<\/div>\n\n\n\n<div class=\"is-layout-flex wp-container-13 wp-block-columns\">\n<div class=\"is-layout-flow wp-block-column\">\n<p>&nbsp;<\/p>\n<p style=\"text-align: center;\">So sind wir mit unseren Kunden gut durch die Pandemie gekommen:<\/p>\n<p class=\"has-text-align-center\"><a class=\"action-button\" href=\"https:\/\/fdl-berger.de\/cms\/?page_id=1651\" data-type=\"URL\" data-id=\"https:\/\/fdl-berger.de\/cms\/?page_id=1651\">COVID-19 Updates<\/a><\/p>\n<\/div>\n<\/div>\n","protected":false},"excerpt":{"rendered":"<p>Thomas Berger &#8211; seit \u00fcber 35 Jahren unabh\u00e4ngige Finanzberatung in Darmstadt Die Zufriedenheit unserer Kunden steht bei uns an erster Stelle! Wir pflegen nun schon mehr als 35 Jahre langj\u00e4hrige Kundenbeziehungen.Mit Tochter Janina Berger seit mehr als 13 Jahren bereits in der zweiten Generation! Individuelle Beratung mit h\u00f6chster Qualit\u00e4t Mehr als 3.000 zufriedene Kunden schenken [&hellip;]<\/p>\n","protected":false},"author":1,"featured_media":0,"parent":0,"menu_order":0,"comment_status":"closed","ping_status":"open","template":"","meta":{"ngg_post_thumbnail":0},"_links":{"self":[{"href":"https:\/\/fdl-berger.de\/cms\/index.php?rest_route=\/wp\/v2\/pages\/2"}],"collection":[{"href":"https:\/\/fdl-berger.de\/cms\/index.php?rest_route=\/wp\/v2\/pages"}],"about":[{"href":"https:\/\/fdl-berger.de\/cms\/index.php?rest_route=\/wp\/v2\/types\/page"}],"author":[{"embeddable":true,"href":"https:\/\/fdl-berger.de\/cms\/index.php?rest_route=\/wp\/v2\/users\/1"}],"replies":[{"embeddable":true,"href":"https:\/\/fdl-berger.de\/cms\/index.php?rest_route=%2Fwp%2Fv2%2Fcomments&post=2"}],"version-history":[{"count":174,"href":"https:\/\/fdl-berger.de\/cms\/index.php?rest_route=\/wp\/v2\/pages\/2\/revisions"}],"predecessor-version":[{"id":1832,"href":"https:\/\/fdl-berger.de\/cms\/index.php?rest_route=\/wp\/v2\/pages\/2\/revisions\/1832"}],"wp:attachment":[{"href":"https:\/\/fdl-berger.de\/cms\/index.php?rest_route=%2Fwp%2Fv2%2Fmedia&parent=2"}],"curies":[{"name":"wp","href":"https:\/\/api.w.org\/{rel}","templated":true}]}}