{"id":1757,"date":"2023-08-23T20:48:39","date_gmt":"2023-08-23T18:48:39","guid":{"rendered":"https:\/\/fdl-berger.de\/cms\/?page_id=1757"},"modified":"2023-08-23T20:48:39","modified_gmt":"2023-08-23T18:48:39","slug":"teilnahmebedingungen-fuer-unsere-gewinnspiele","status":"publish","type":"page","link":"https:\/\/fdl-berger.de\/cms\/?page_id=1757","title":{"rendered":"Teilnahmebedingungen f\u00fcr unsere Gewinnspiele"},"content":{"rendered":"\n<h1>Teilnahmebedingungen f\u00fcr unsere Gewinnspiele<\/h1>\n\n\n\n<p><strong>Mit Teilnahme am Gewinnspiel willigen Sie in folgende Teilnahmebedingungen f\u00fcr<\/strong> <strong>Gewinnspiele auf Facebook, Instagram &amp; Co. ein:<\/strong><\/p>\n\n\n\n<h2>\u00a71 Gewinnspielveranstalter<\/h2>\n\n\n\n<p>Die Gewinnspiele werden von Thomas Berger Finanzdienstleistungen 64291 Darmstadt in Kooperation mit verschiedenen Partnern durchgef\u00fchrt.<\/p>\n\n\n\n<h2>\u00a72 Facebook-&amp; Instagram-Disclaimer<\/h2>\n\n\n\n<p>Diese Aktion steht in keiner Verbindung zu Facebook\/Instagram und wird in keiner Weise von Facebook\/Instagram gesponsert, unterst\u00fctzt oder organisiert. Der Empf\u00e4nger der von den Teilnehmer*innen bereitgestellten Daten ist nicht Facebook\/Instagram, sondern Thomas Berger Finanzdienstleistungen.<\/p>\n\n\n\n<p>Fragen, Anregungen und Beschwerden sind daher ausschlie\u00dflich an Thomas Berger Finanzdienstleistungen zu richten. Dar\u00fcber hinaus darf Thomas Berger Finanzdienstleistungen den\/die Teilnehmer*in im Gewinnfall kontaktieren.<\/p>\n\n\n\n<h2>\u00a73 Datenschutz<\/h2>\n\n\n\n<p>Soweit im Rahmen des Gewinnspiels personenbezogene Daten von Teilnehmer*innen erhoben, verarbeitet und genutzt werden, werden diese von Thomas Berger Finanzdienstleistungen ausschlie\u00dflich zum Zwecke der Durchf\u00fchrung des Gewinnspiels erhoben, verarbeitet und genutzt und nach Beendigung des Gewinnspiels gel\u00f6scht. Die bereitgestellten Daten (Klarname ist zur Hinterlegung der Karten erforderlich) werden dar\u00fcber hinaus lediglich f\u00fcr die Kontaktierung des Gewinners \/ der Gewinnerin und die Verwaltung des Gewinns verwendet. Es wird ein Ausweis mit Lichtbild zum abholen der hinterlegten Karten ben\u00f6tigt. Der\/Die Teilnehmer*in erkl\u00e4rt hiermit ausdr\u00fccklich sein\/ihr Einverst\u00e4ndnis mit der Speicherung und Verwendung der mitgeteilten personenbezogenen Daten zu dem oben genannten Zweck. Der Teilnehmer willigt au\u00dferdem in die Ver\u00f6ffentlichung seiner von Ihm selbst zugesendeten Bilder auf Facebook und\/oder Instagramm ein. Der Ver\u00f6ffentlichung der Bilder kann jederzeit Mitwirkung f\u00fcr die Zukunft widersprochen werden.<\/p>\n\n\n\n<h2>\u00a74 Teilnahme<\/h2>\n\n\n\n<p>(1) Das Gewinnspiel richtet sich ausschlie\u00dflich an Teilnehmer*innen, die das 18. Lebensjahr zum Zeitpunkt des Gewinnspielzeitraums vollendet haben.\u2028(2) Eine Teilnahme am Gewinnspiel ist ausschlie\u00dflich zu den hier aufgef\u00fchrten Teilnahmebedingungen m\u00f6glich. Um am Gewinnspiel teilzunehmen, muss entweder der Facebook oder Instagrammseite gefolgt werden, der Beitrag entweder auf der Facebook oder Instagrammseite geliked werden, au\u00dferdem muss mitgeteilt werden wer die Wunschbegleitung sein soll. Alle drei Teilnahmebedingungen m\u00fcssen erf\u00fcllt werden, um an der Auslosung teilzunehmen. Mit der Teilnahme am Gewinnspiel erkennt der\/die Teilnehmer*in diese Teilnahmebedingungen ausdr\u00fccklich an.\u2028(3) F\u00fcr die Teilnahme am Gewinnspiel fallen keine Kosten an.\u2028(4) Beitr\u00e4ge zur Teilnahme am Gewinnspiel d\u00fcrfen keine Beleidigungen, falsche Tatsachen, Wettbewerbs-, Marken- oder Urheberrechtsverst\u00f6\u00dfe enthalten. Thomas Berger Finanzdienstleistungen haftet nicht f\u00fcr Verst\u00f6\u00dfe, die von Teilnehmern*innen in diesem Zusammenhang begangen werden.<\/p>\n\n\n\n<h2>\u00a75 Ausschluss vom Gewinnspiel<\/h2>\n\n\n\n<p>(1) Bei einem Versto\u00df gegen diese Teilnahmebedingungen beh\u00e4lt sich Thomas Berger Finanzdienstleistungen das Recht vor, Personen vom Gewinnspiel auszuschlie\u00dfen.\u2028(2) Ausgeschlossen werden auch Personen, die sich unerlaubter Hilfsmittel bedienen oder sich anderweitig durch Manipulation Vorteile verschaffen. Gegebenenfalls k\u00f6nnen in diesen F\u00e4llen auch nachtr\u00e4glich Gewinne aberkannt und zur\u00fcckgefordert werden.\u2028(3) Ausgeschlossen wird auch, wer unwahre Personenangaben macht. Der\/die Teilnehmer*in ist f\u00fcr die Richtigkeit seiner\/ihrer Angaben selbst verantwortlich.\u2028(4) Ausgeschlossen werden \u00fcberdies Personen, die w\u00e4hrend des Zeitraums des Gewinnspiels und der Gewinnspielabwicklung au\u00dferhalb der Bundesrepublik Deutschland leben.<\/p>\n\n\n\n<h2>\u00a76 Durchf\u00fchrung und Abwicklung<\/h2>\n\n\n\n<p>(1) Das Gewinnspiel erfolgt ausschlie\u00dflich im angegebenen Zeitraum. F\u00fcr technische St\u00f6rungen im Rahmen der Teilnahme \u00fcbernimmt Thomas Berger Finanzdienstleistungen keine Haftung.\u2028(2) Der\/Die Gewinner*in wird per Losverfahren ermittelt. Die Auslosung erfolgt bei mehr Zuschriften als verf\u00fcgbaren Karten nach dem Zufallsprinzip. Gewinnausgabe, solange der Vorrat reicht.\u2028(3) Thomas Berger Finanzdienstleistungen ermittelt und benachrichtigt den\/die Gewinner*in am gleichen Tag nach Ende der Aktion per privater Nachricht \u00fcber Facebook\/Instagram. Der\/Die Gewinner*in hat den Gewinn anschlie\u00dfend per privater Nachricht \u00fcber Facebook\/Instagram zu best\u00e4tigen. Bleibt eine Best\u00e4tigung innerhalb von einer Stunde nach der Benachrichtigung durch Thomas Berger Finanzdienstleistungen per PN aus, so beh\u00e4lt sich Thomas Berger Finanzdienstleistungen das Recht vor, den Gewinn an andere Teilnehmer*innen auszukehren. Es muss ausdr\u00fccklich kein Formular \u00fcber einen Link mit pers\u00f6nlichen Daten ausgef\u00fcllt werden. \u2028(4) Der Gewinn wird am Stadion hinterlegt. \u2028(5) Eine Barauszahlung der Gewinne ist in keinem Fall m\u00f6glich.\u2028(6) Der Anspruch auf den Gewinn kann nicht \u00fcbertragen werden.\u2028(7) Beschwerden, die sich auf die Durchf\u00fchrung des Gewinnspiels beziehen, sind unter Angabe des Gewinnspiels innerhalb von 14 Tagen nach Bekanntwerden des Grundes schriftlich an Thomas Berger Finanzdienstleistungen zu richten. Fernm\u00fcndlich mitgeteilte oder versp\u00e4tete Beschwerden werden nicht bearbeitet.<\/p>\n\n\n\n<h2>\u00a77 Vorzeitige Beendigung des Gewinnspiels<\/h2>\n\n\n\n<p>Thomas Berger Finanzdienstleistungen beh\u00e4lt sich vor, das Gewinnspiel zu jedem Zeitpunkt ohne Vorank\u00fcndigung und ohne Angabe von Gr\u00fcnden abzubrechen oder zu beenden. Von dieser M\u00f6glichkeit macht Thomas Berger Finanzdienstleistungen insbesondere dann Gebrauch, wenn aus technischen Gr\u00fcnden (z. B. Viren im Computersystem, Manipulation oder Fehler in der Hard- und oder Software) oder aus rechtlichen Gr\u00fcnden eine ordnungsgem\u00e4\u00dfe Durchf\u00fchrung des Spiels nicht gew\u00e4hrleistet werden kann. Sofern eine derartige Beendigung durch das Verhalten eines\/einer Teilnehmer*in verursacht wird, kann Thomas Berger Finanzdienstleistungen von dieser Person den entstandenen Schaden ersetzt verlangen.<\/p>\n\n\n\n<h2>\u00a78 \u00d6ffentlichkeitsarbeit<\/h2>\n\n\n\n<p>Mit der Teilnahme am Gewinnspiel erkl\u00e4rt sich der\/die Gewinner*in bereit, dass sein\/ihr Name ver\u00f6ffentlicht wird. Der Teilnehmer willigt au\u00dferdem in die Ver\u00f6ffentlichung seiner von Ihm selbst zugesendeten Bilder auf Facebook und\/oder Instagramm ein. Der Ver\u00f6ffentlichung der Bilder kann jederzeit Mitwirkung f\u00fcr die Zukunft widersprochen werden.<\/p>\n\n\n\n<h2>\u00a79 Haftung<\/h2>\n\n\n\n<p>Thomas Berger Finanzdienstleistungen wird mit der Aush\u00e4ndigung des Gewinns von allen Verpflichtungen frei. F\u00fcr Sach- und\/ oder Rechtsm\u00e4ngel an den Gewinnen haftet Thomas Berger Finanzdienstleistungen nicht.<\/p>\n\n\n\n<h2>\u00a710 \u00c4nderungsvorbehalt<\/h2>\n\n\n\n<p>Da Gewinnspiele eine gro\u00dfe Anf\u00e4lligkeit f\u00fcr St\u00f6rungen aufweisen (z. B. durch eine Sperre von Facebook\/Instagram selbst oder missbr\u00e4uchliches Verhalten der Teilnehmer*innen), kann das Gewinnspiel mit Blick auf die Gestaltung oder Bedingungen ge\u00e4ndert werden.<\/p>\n\n\n\n<h2>\u00a711 Schlussbestimmungen<\/h2>\n\n\n\n<p>(1) Ausschlie\u00dflich anwendbares Recht ist das Recht der Bundesrepublik Deutschland.(2) Diese Teilnahmebedingungen, einschlie\u00dflich der Gewinnspielmechaniken stellen die abschlie\u00dfenden Regelungen f\u00fcr die Gewinnspiel-Aktion dar. Sollten einzelne Bestimmungen dieser Teilnahmebedingungen ung\u00fcltig sein oder werden, bleibt die G\u00fcltigkeit der \u00fcbrigen Teilnahmebedingungen unber\u00fchrt.(3) Der Rechtsweg ist ausgeschlossen.<\/p>\n","protected":false},"excerpt":{"rendered":"<p>Teilnahmebedingungen f\u00fcr unsere Gewinnspiele Mit Teilnahme am Gewinnspiel willigen Sie in folgende Teilnahmebedingungen f\u00fcr Gewinnspiele auf Facebook, Instagram &amp; Co. ein: \u00a71 Gewinnspielveranstalter Die Gewinnspiele werden von Thomas Berger Finanzdienstleistungen 64291 Darmstadt in Kooperation mit verschiedenen Partnern durchgef\u00fchrt. \u00a72 Facebook-&amp; Instagram-Disclaimer Diese Aktion steht in keiner Verbindung zu Facebook\/Instagram und wird in keiner Weise von [&hellip;]<\/p>\n","protected":false},"author":3,"featured_media":0,"parent":0,"menu_order":0,"comment_status":"closed","ping_status":"closed","template":"","meta":{"ngg_post_thumbnail":0},"_links":{"self":[{"href":"https:\/\/fdl-berger.de\/cms\/index.php?rest_route=\/wp\/v2\/pages\/1757"}],"collection":[{"href":"https:\/\/fdl-berger.de\/cms\/index.php?rest_route=\/wp\/v2\/pages"}],"about":[{"href":"https:\/\/fdl-berger.de\/cms\/index.php?rest_route=\/wp\/v2\/types\/page"}],"author":[{"embeddable":true,"href":"https:\/\/fdl-berger.de\/cms\/index.php?rest_route=\/wp\/v2\/users\/3"}],"replies":[{"embeddable":true,"href":"https:\/\/fdl-berger.de\/cms\/index.php?rest_route=%2Fwp%2Fv2%2Fcomments&post=1757"}],"version-history":[{"count":1,"href":"https:\/\/fdl-berger.de\/cms\/index.php?rest_route=\/wp\/v2\/pages\/1757\/revisions"}],"predecessor-version":[{"id":1758,"href":"https:\/\/fdl-berger.de\/cms\/index.php?rest_route=\/wp\/v2\/pages\/1757\/revisions\/1758"}],"wp:attachment":[{"href":"https:\/\/fdl-berger.de\/cms\/index.php?rest_route=%2Fwp%2Fv2%2Fmedia&parent=1757"}],"curies":[{"name":"wp","href":"https:\/\/api.w.org\/{rel}","templated":true}]}}