{"id":1651,"date":"2021-05-15T13:30:53","date_gmt":"2021-05-15T13:30:53","guid":{"rendered":"https:\/\/fdl-berger.de\/cms\/?page_id=1651"},"modified":"2022-07-25T13:51:34","modified_gmt":"2022-07-25T11:51:34","slug":"covid-19-updates","status":"publish","type":"page","link":"https:\/\/fdl-berger.de\/cms\/?page_id=1651","title":{"rendered":"COVID-19 Updates"},"content":{"rendered":"\n<h1>COVID-19 Updates<\/h1>\n\n\n\n<p>An dieser Stelle informieren wir \u00fcber die aktuelle Situation.<\/p>\n\n\n\n<h2>21.07.2022<\/h2>\n\n\n\n<div class=\"is-layout-flex wp-container-4 wp-block-columns\">\n<div class=\"is-layout-flow wp-block-column\" style=\"flex-basis:66.66%\">\n<p>Die meisten COVID-19 Hygienema\u00dfnahmen werden im Alltag sukzessive zur\u00fcckgenommen. Wir beobachten die Situation und passen unsere Arbeitsweise je nach aktueller Lage an.<\/p>\n\n\n\n<p>Alle im B\u00fcro sind geimpft und lassen sich regelm\u00e4\u00dfig testen. Wir bieten pers\u00f6nliche Termine nach Vereinbarung an, nutzen aber auch weiterhin unsere Onlineberatung, um Ihnen die maximale Freiheit anzubieten.<\/p>\n\n\n\n<div class=\"is-layout-flex wp-block-buttons\">\n<div class=\"wp-block-button\"><a class=\"wp-block-button__link\" href=\"http:\/\/bit.ly\/Thomas-Berger-Online-Beratung\" target=\"_blank\" rel=\"noreferrer noopener\">Thomas Berger Online-Beratung<\/a><\/div>\n<\/div>\n\n\n\n<p>In unseren pers\u00f6nlichen Terminen im B\u00fcro halten wir uns nat\u00fcrlich weiter an gewisse Hygienestandards.<\/p>\n\n\n\n<p>Zus\u00e4tzlich zu unseren bisherigen Ma\u00dfnahmen werden ab sofort moderne Luftfilter die notwendige Sicherheit in unseren B\u00fcror\u00e4umen weiter ausbauen.<\/p>\n<\/div>\n\n\n\n<div class=\"is-layout-flow wp-block-column\" style=\"flex-basis:33.33%\">\n<figure class=\"wp-block-image size-large\"><a href=\"https:\/\/fdl-berger.de\/cms\/wp-content\/uploads\/2022\/07\/luftfilter.jpg\"><img decoding=\"async\" loading=\"lazy\" width=\"310\" height=\"459\" src=\"https:\/\/fdl-berger.de\/cms\/wp-content\/uploads\/2022\/07\/luftfilter.jpg\" alt=\"Luftfilter\" class=\"wp-image-1695\" srcset=\"https:\/\/fdl-berger.de\/cms\/wp-content\/uploads\/2022\/07\/luftfilter.jpg 310w, https:\/\/fdl-berger.de\/cms\/wp-content\/uploads\/2022\/07\/luftfilter-203x300.jpg 203w\" sizes=\"(max-width: 310px) 100vw, 310px\" \/><\/a><\/figure>\n<\/div>\n<\/div>\n\n\n\n<div class=\"is-layout-flex wp-container-10 wp-block-columns\">\n<div class=\"is-layout-flow wp-block-column\" style=\"flex-basis:100%\">\n<div class=\"is-layout-flex wp-container-8 wp-block-columns\">\n<div class=\"is-layout-flow wp-block-column\" style=\"flex-basis:33.33%\"><\/div>\n\n\n\n<div class=\"is-layout-flow wp-block-column\" style=\"flex-basis:66.66%\">\n<div class=\"is-layout-flex wp-block-buttons\"><\/div>\n<\/div>\n<\/div>\n<\/div>\n<\/div>\n\n\n\n<h2>15.11.2021<\/h2>\n\n\n\n<p>Ab dem 15.11.2021 gilt die <strong>2G+<\/strong> Regel f\u00fcr pers\u00f6nliche Termine in unserem B\u00fcro. Alle im B\u00fcro sind geimpft, lassen sich zus\u00e4tzlich zweimal in der Woche testen&nbsp;und nutzen auch seit Einf\u00fchrung die Corona App, mit der man bei uns auch \u201eeinchecken&#8220; kann.<\/p>\n\n\n\n<p>Seit Mai diesen Jahres bieten auch wir pers\u00f6nliche Termine nach Vereinbarung an, nutzen aber unser Projekt \u201e<strong>Onlineberatung<\/strong>&#8220; weiter.&nbsp;In unseren pers\u00f6nlichen Terminen im B\u00fcro halten wir uns nat\u00fcrlich an die vorgeschriebenen&nbsp;Hygienema\u00dfnahmen .<\/p>\n\n\n\n<p>Nutzen Sie also unser Angebot und reservieren Sie sich&nbsp; telefonisch Termine im B\u00fcro oder weiterhin online unter:<\/p>\n\n\n\n<div class=\"is-layout-flex wp-block-buttons\">\n<div class=\"wp-block-button\"><a class=\"wp-block-button__link\" href=\"http:\/\/bit.ly\/Thomas-Berger-Online-Beratung\" target=\"_blank\" rel=\"noreferrer noopener\">Thomas Berger Online-Beratung<\/a><\/div>\n<\/div>\n\n\n\n<h2>18.05.2021<\/h2>\n\n\n\n<div class=\"is-layout-flex wp-container-14 wp-block-columns\">\n<div class=\"is-layout-flow wp-block-column\" style=\"flex-basis:33.33%\">\n<figure class=\"wp-block-image size-large\"><img decoding=\"async\" loading=\"lazy\" width=\"1024\" height=\"1024\" src=\"https:\/\/fdl-berger.de\/cms\/wp-content\/uploads\/2021\/05\/Ionisator-1024x1024.jpg\" alt=\"\" class=\"wp-image-1660\" srcset=\"https:\/\/fdl-berger.de\/cms\/wp-content\/uploads\/2021\/05\/Ionisator-1024x1024.jpg 1024w, https:\/\/fdl-berger.de\/cms\/wp-content\/uploads\/2021\/05\/Ionisator-300x300.jpg 300w, https:\/\/fdl-berger.de\/cms\/wp-content\/uploads\/2021\/05\/Ionisator-150x150.jpg 150w, https:\/\/fdl-berger.de\/cms\/wp-content\/uploads\/2021\/05\/Ionisator-768x768.jpg 768w, https:\/\/fdl-berger.de\/cms\/wp-content\/uploads\/2021\/05\/Ionisator.jpg 1440w\" sizes=\"(max-width: 1024px) 100vw, 1024px\" \/><\/figure>\n<\/div>\n\n\n\n<div class=\"is-layout-flow wp-block-column\" style=\"flex-basis:66.66%\">\n<p>Das Corona-Virus ist f\u00fcr die meisten von uns immer noch Thema Nr. 1 und wird dies wahrscheinlich auch noch lange bleiben. <\/p>\n\n\n\n<p>Wir machen uns dazu in alle Richtungen Gedanken. Mittlerweile bieten wir  wieder pers\u00f6nliche Termine nach Vereinbarung an, nutzen aber auch  weiterhin unsere Online-Beratung.  <\/p>\n\n\n\n<p> In unseren pers\u00f6nlichen Terminen im B\u00fcro halten wir uns nat\u00fcrlich an die vorgeschriebenen Hygienema\u00dfnahmen!  <\/p>\n\n\n\n<p> Nutzen Sie unser Angebot und reservieren Sie sich wieder telefonisch Termine im B\u00fcro unter  <a href=\"tel:+49615085750\">06150\/85750<\/a>. <\/p>\n<\/div>\n<\/div>\n\n\n\n<div class=\"is-layout-flex wp-container-17 wp-block-columns\">\n<div class=\"is-layout-flow wp-block-column\" style=\"flex-basis:66.66%\">\n<p> Oder weiterhin ONLINETERMINE unter: <a rel=\"noreferrer noopener\" href=\"http:\/\/bit.ly\/Thomas-Berger-Online-Beratung\" target=\"_blank\">http:\/\/bit.ly\/Thomas-Berger-Online-Beratung<\/a>  <\/p>\n\n\n\n<p> ALLE im B\u00fcro nutzen auch seit Einf\u00fchrung die Corona App, mit der man bei uns auch \u201eeinchecken\u201c kann! <\/p>\n<\/div>\n\n\n\n<div class=\"is-layout-flow wp-block-column\" style=\"flex-basis:33.33%\">\n<figure class=\"wp-block-image size-large\"><img decoding=\"async\" loading=\"lazy\" width=\"1024\" height=\"1024\" src=\"https:\/\/fdl-berger.de\/cms\/wp-content\/uploads\/2021\/05\/Corona-Chck-oin-1024x1024.jpg\" alt=\"\" class=\"wp-image-1661\" srcset=\"https:\/\/fdl-berger.de\/cms\/wp-content\/uploads\/2021\/05\/Corona-Chck-oin-1024x1024.jpg 1024w, https:\/\/fdl-berger.de\/cms\/wp-content\/uploads\/2021\/05\/Corona-Chck-oin-300x300.jpg 300w, https:\/\/fdl-berger.de\/cms\/wp-content\/uploads\/2021\/05\/Corona-Chck-oin-150x150.jpg 150w, https:\/\/fdl-berger.de\/cms\/wp-content\/uploads\/2021\/05\/Corona-Chck-oin-768x768.jpg 768w, https:\/\/fdl-berger.de\/cms\/wp-content\/uploads\/2021\/05\/Corona-Chck-oin.jpg 1440w\" sizes=\"(max-width: 1024px) 100vw, 1024px\" \/><\/figure>\n<\/div>\n<\/div>\n\n\n\n<h2>14.12.2020<\/h2>\n\n\n\n<h3><strong>COVID-19 UPDATE zum \u201eLockdown&#8220; der Bundesregierung:<\/strong> <\/h3>\n\n\n\n<p>Aus diesem Grund bieten wir ab sofort und bis auf Weiteres keine pers\u00f6nlichen Termine mehr an.<\/p>\n\n\n\n<p>Nat\u00fcrlich kann man weiterhin unsere bereits im M\u00e4rz eingef\u00fchrte Onlineberatung nutzen, in der wir alle Kunden inclusive Videotelefonie auch online beraten. Reserviert Euch hier gerne einen Termin in unserem \u201eONLINEB\u00dcRO&#8220;:  <a href=\"http:\/\/bit.ly\/Thomas-Berger-Online-Beratung\">http:\/\/bit.ly\/Thomas-Berger-Online-Beratung<\/a>  <\/p>\n\n\n\n<p>Nat\u00fcrlich sind wir jederzeit per Telefon, E-Mail und \u00fcber Facebook erreichbar.<\/p>\n\n\n\n<h2>30.10.2020<\/h2>\n\n\n\n<h3> <strong>COVID-19 UPDATE zum \u201eLockdown-Light&#8220; der Bundesregierung:<\/strong> <\/h3>\n\n\n\n<p>Zur Bek\u00e4mpfungs des Coronavirus wurden von der Regierung neue Ma\u00dfnahmen verk\u00fcndet. Mittlerweile rufen uns aufgrund dieser auch wieder Kunden an, um pers\u00f6nliche Termine mit uns im B\u00fcro oder auch vor Ort abzusagen. Wir sind deshalb nicht frei davon, uns in alle Richtungen Gedanken zu machen.<\/p>\n\n\n\n<p>Aus diesem Grund bieten wir ab sofort und bis auf Weiteres eine L\u00f6sung f\u00fcr alle Kunden an:<\/p>\n\n\n\n<div class=\"is-layout-flex wp-container-20 wp-block-columns\">\n<div class=\"is-layout-flow wp-block-column\">\n<figure class=\"wp-block-image size-large\"><img decoding=\"async\" loading=\"lazy\" width=\"310\" height=\"232\" src=\"https:\/\/fdl-berger.de\/cms\/wp-content\/uploads\/2021\/05\/bild_beratung_01.jpg\" alt=\"\" class=\"wp-image-1652\" srcset=\"https:\/\/fdl-berger.de\/cms\/wp-content\/uploads\/2021\/05\/bild_beratung_01.jpg 310w, https:\/\/fdl-berger.de\/cms\/wp-content\/uploads\/2021\/05\/bild_beratung_01-300x225.jpg 300w\" sizes=\"(max-width: 310px) 100vw, 310px\" \/><\/figure>\n<\/div>\n\n\n\n<div class=\"is-layout-flow wp-block-column\">\n<p>In unseren pers\u00f6nlichen Terminen im B\u00fcro halten wir uns an alle Hygienevorschriften. Desinfektionsmittel steht bereit und nat\u00fcrlich halten wir den Mindestabstand ein.<\/p>\n\n\n\n<p>Wir werden einen Mundschutz tragen und zus\u00e4tzlich durch eine Plexiglasscheibe getrennt sein. Au\u00dferdem wird der jeweilige Berater immer alleine mit dem Kunden sein.<\/p>\n<\/div>\n<\/div>\n\n\n\n<div class=\"is-layout-flex wp-container-23 wp-block-columns\">\n<div class=\"is-layout-flow wp-block-column\">\n<figure class=\"wp-block-image size-large\"><img decoding=\"async\" loading=\"lazy\" width=\"310\" height=\"232\" src=\"https:\/\/fdl-berger.de\/cms\/wp-content\/uploads\/2021\/05\/bild_beratung_02.jpg\" alt=\"\" class=\"wp-image-1653\" srcset=\"https:\/\/fdl-berger.de\/cms\/wp-content\/uploads\/2021\/05\/bild_beratung_02.jpg 310w, https:\/\/fdl-berger.de\/cms\/wp-content\/uploads\/2021\/05\/bild_beratung_02-300x225.jpg 300w\" sizes=\"(max-width: 310px) 100vw, 310px\" \/><\/figure>\n<\/div>\n\n\n\n<div class=\"is-layout-flow wp-block-column\">\n<p>Auch wenn ein Termin vor Ort gew\u00fcnscht sein sollte, ist dies unter den vorgeschriebenen Hygienema\u00dfnahmen und einer portablen Plexiglasscheibe m\u00f6glich.<\/p>\n<\/div>\n<\/div>\n\n\n\n<p>Zus\u00e4tzlich kann man nat\u00fcrlich seit M\u00e4rz auch unsere Onlineberatung nutzen. Seit dieser Zeit k\u00f6nnen wir alle Kunden inclusive Videotelefonie auch online beraten.<\/p>\n\n\n\n<p><strong>Als Zusatzinformation:<\/strong><br>ALLE im B\u00fcro nutzen auch seit Einf\u00fchrung die neue Corona App! <\/p>\n","protected":false},"excerpt":{"rendered":"<p>COVID-19 Updates An dieser Stelle informieren wir \u00fcber die aktuelle Situation. 21.07.2022 Die meisten COVID-19 Hygienema\u00dfnahmen werden im Alltag sukzessive zur\u00fcckgenommen. Wir beobachten die Situation und passen unsere Arbeitsweise je nach aktueller Lage an. Alle im B\u00fcro sind geimpft und lassen sich regelm\u00e4\u00dfig testen. Wir bieten pers\u00f6nliche Termine nach Vereinbarung an, nutzen aber auch weiterhin [&hellip;]<\/p>\n","protected":false},"author":3,"featured_media":0,"parent":0,"menu_order":0,"comment_status":"closed","ping_status":"closed","template":"","meta":{"ngg_post_thumbnail":0},"_links":{"self":[{"href":"https:\/\/fdl-berger.de\/cms\/index.php?rest_route=\/wp\/v2\/pages\/1651"}],"collection":[{"href":"https:\/\/fdl-berger.de\/cms\/index.php?rest_route=\/wp\/v2\/pages"}],"about":[{"href":"https:\/\/fdl-berger.de\/cms\/index.php?rest_route=\/wp\/v2\/types\/page"}],"author":[{"embeddable":true,"href":"https:\/\/fdl-berger.de\/cms\/index.php?rest_route=\/wp\/v2\/users\/3"}],"replies":[{"embeddable":true,"href":"https:\/\/fdl-berger.de\/cms\/index.php?rest_route=%2Fwp%2Fv2%2Fcomments&post=1651"}],"version-history":[{"count":18,"href":"https:\/\/fdl-berger.de\/cms\/index.php?rest_route=\/wp\/v2\/pages\/1651\/revisions"}],"predecessor-version":[{"id":1710,"href":"https:\/\/fdl-berger.de\/cms\/index.php?rest_route=\/wp\/v2\/pages\/1651\/revisions\/1710"}],"wp:attachment":[{"href":"https:\/\/fdl-berger.de\/cms\/index.php?rest_route=%2Fwp%2Fv2%2Fmedia&parent=1651"}],"curies":[{"name":"wp","href":"https:\/\/api.w.org\/{rel}","templated":true}]}}